{"id":116,"date":"2016-12-14T15:10:28","date_gmt":"2016-12-14T14:10:28","guid":{"rendered":"http:\/\/www.walberla-buehne.de\/?page_id=116"},"modified":"2026-05-06T08:06:39","modified_gmt":"2026-05-06T06:06:39","slug":"home","status":"publish","type":"page","link":"https:\/\/walberla-buehne.de\/index.php\/","title":{"rendered":"Home"},"content":{"rendered":"\n<h3><strong>\u2600 Sommerfest 2026 der Walberla-B\u00fchne Kirchehrenbach e. V. \u2600<\/strong><\/h3>\n<p><img loading=\"lazy\" decoding=\"async\" class=\"alignnone wp-image-1791 size-full\" src=\"https:\/\/walberla-buehne.de\/wp-content\/uploads\/2026\/05\/Walberla-Buehne-A4-Plakat-mit-Beschnitt-21.6-\u00d7-30.3-cm-5.png\" alt=\"\" width=\"713\" height=\"1000\" srcset=\"https:\/\/walberla-buehne.de\/wp-content\/uploads\/2026\/05\/Walberla-Buehne-A4-Plakat-mit-Beschnitt-21.6-\u00d7-30.3-cm-5.png 713w, https:\/\/walberla-buehne.de\/wp-content\/uploads\/2026\/05\/Walberla-Buehne-A4-Plakat-mit-Beschnitt-21.6-\u00d7-30.3-cm-5-214x300.png 214w\" sizes=\"auto, (max-width: 713px) 100vw, 713px\" \/><\/p>\n<p>Ihr habt Lust auf einen entspannten Sommertag mit leckerem Essen, guter Stimmung und jeder Menge Spa\u00df? Dann kommt vorbei!<\/p>\n<p>Am <strong>Sonntag, den 14. Juni 2026<\/strong>, feiern wir <strong>von 13:00 bis 19:00 Uhr<\/strong> unser Sommerfest am <strong>Brieftaubenheim in Kirchehrenbach.<\/strong><\/p>\n<p><strong>F\u00fcrs leibliche Wohl ist nat\u00fcrlich gesorgt:<\/strong><\/p>\n<ul>\n<li>Steaks &amp; Bratw\u00fcrste vom Grill<\/li>\n<li>K\u00e4sestangen<\/li>\n<li>Kaffee &amp; Kuchen<\/li>\n<li>K\u00fchle Getr\u00e4nke<\/li>\n<\/ul>\n<p><strong>Und auch f\u00fcr Unterhaltung ist einiges geboten:<\/strong><\/p>\n<ul>\n<li>Karussell<\/li>\n<li>Kinderschminken<\/li>\n<li>Verschiedene Spielstationen<\/li>\n<li>Sketch-Auff\u00fchrung der Walberla-B\u00fchne<\/li>\n<li>Auftritt des Jugendchors<\/li>\n<\/ul>\n<p>Egal ob mit Familie, Freunden oder einfach so \u2013 schaut vorbei, genie\u00dft den Tag und habt eine gute Zeit mit uns!<\/p>\n<p>\u00a0<\/p>\n<hr \/>\n<h3><strong>Du willst Mitglied bei uns werden?<\/strong><\/h3>\n<p>Kein Problem! Ob jung, alt, vor oder hinter den Kulissen &#8211; jeder ist bei uns willkommen! Schreib einfach eine E-Mail und wir senden dir das Beitrittsformular zu -&gt; <strong>jasmin.postler(at)freenet.de<\/strong><\/p>\n<p>Aktuelle Jahresbeitr\u00e4ge:<\/p>\n<ul>\n<li>Kind: 5,00 \u20ac<\/li>\n<li>Erwachsene (ab 18 Jahre): 8,00 \u20ac<\/li>\n<li>Ehepaare\/Familien: 10,00 \u20ac<\/li>\n<\/ul>\n<h3><strong>Du bist bereits Mitglied, aber deine Daten haben sich ge\u00e4ndert?<\/strong><\/h3>\n<p>Teile einfach per E-Mail oder WhatsApp mit, wenn du umgezogen bist, geheiratet hast, oder sich deine Bankdaten ge\u00e4ndert haben -&gt; <strong>jasmin.postler(at)freenet.de<\/strong><\/p>\n<h3><strong>Newsletter-Anmeldung<br \/><\/strong><\/h3>\n<p>Egal ob Mitglied oder nicht: Du m\u00f6chtest direkt informiert werden, wenn etwas bei der Walberla-B\u00fchne ansteht? Dann melde dich einfach bei Oliver Hieber f\u00fcr den Newsletter an -&gt; <strong>ohieber(at)hotmail.com<\/strong><\/p>\n\n\n<p>\u00a0<\/p>\n<hr \/>\n<p style=\"text-align: center;\"><span style=\"font-family: arial, helvetica, sans-serif;\"><a href=\"https:\/\/walberla-buehne.de\/impressum\/\">Impressum<\/a>\u00a0\u2022 <a href=\"https:\/\/walberla-buehne.de\/datenschutzerklaerung\/\">Datenschutzerkl\u00e4rung<\/a>\u00a0\u2022 <a href=\"https:\/\/walberla-buehne.de\/haftungsausschluss-disclaimer\/\">Disclaimer<\/a><\/span><\/p>\n<p style=\"text-align: center;\"><span style=\"font-family: arial, helvetica, sans-serif;\">Du findest uns auch hier:<\/span><\/p>\n<p style=\"text-align: center;\"><span style=\"font-family: arial, helvetica, sans-serif;\"><a href=\"https:\/\/www.facebook.com\/walberlabuehne\" target=\"_blank\" rel=\"nofollow noopener\">Facebook<\/a>\u00a0\u2022 <a href=\"https:\/\/www.instagram.com\/walberlabuehne\" target=\"_blank\" rel=\"nofollow noopener\">Instagram<\/a>\u00a0\u2022 <a href=\"https:\/\/crossiety.app\/groups\/16008\" target=\"_blank\" rel=\"noopener\">Crossiety<\/a><\/span><\/p>\n\n\n\n\n<p><\/p>\n\n\n\n<p>&nbsp;<\/p>\n<p>&nbsp;<\/p>\n\n\n","protected":false},"excerpt":{"rendered":"<p>\u2600 Sommerfest 2026 der Walberla-B\u00fchne Kirchehrenbach e. V. \u2600 Ihr habt Lust auf einen entspannten Sommertag mit leckerem Essen, guter Stimmung und jeder Menge Spa\u00df? Dann kommt vorbei! Am Sonntag, den 14. Juni 2026, feiern wir von 13:00 bis 19:00 Uhr unser Sommerfest am Brieftaubenheim in Kirchehrenbach. F\u00fcrs leibliche Wohl ist nat\u00fcrlich gesorgt: Steaks &amp; Bratw\u00fcrste vom Grill K\u00e4sestangen Kaffee [&#8230;]<\/p>\n","protected":false},"author":1,"featured_media":0,"parent":0,"menu_order":0,"comment_status":"closed","ping_status":"closed","template":"","meta":{"footnotes":""},"class_list":["post-116","page","type-page","status-publish","hentry"],"_links":{"self":[{"href":"https:\/\/walberla-buehne.de\/index.php\/wp-json\/wp\/v2\/pages\/116","targetHints":{"allow":["GET"]}}],"collection":[{"href":"https:\/\/walberla-buehne.de\/index.php\/wp-json\/wp\/v2\/pages"}],"about":[{"href":"https:\/\/walberla-buehne.de\/index.php\/wp-json\/wp\/v2\/types\/page"}],"author":[{"embeddable":true,"href":"https:\/\/walberla-buehne.de\/index.php\/wp-json\/wp\/v2\/users\/1"}],"replies":[{"embeddable":true,"href":"https:\/\/walberla-buehne.de\/index.php\/wp-json\/wp\/v2\/comments?post=116"}],"version-history":[{"count":252,"href":"https:\/\/walberla-buehne.de\/index.php\/wp-json\/wp\/v2\/pages\/116\/revisions"}],"predecessor-version":[{"id":1807,"href":"https:\/\/walberla-buehne.de\/index.php\/wp-json\/wp\/v2\/pages\/116\/revisions\/1807"}],"wp:attachment":[{"href":"https:\/\/walberla-buehne.de\/index.php\/wp-json\/wp\/v2\/media?parent=116"}],"curies":[{"name":"wp","href":"https:\/\/api.w.org\/{rel}","templated":true}]}}