{"id":311,"date":"2019-01-31T20:44:14","date_gmt":"2019-01-31T19:44:14","guid":{"rendered":"https:\/\/walberla-buehne.de\/index.php\/?page_id=311"},"modified":"2025-07-31T22:38:23","modified_gmt":"2025-07-31T20:38:23","slug":"bekleidung-gutscheine","status":"publish","type":"page","link":"https:\/\/walberla-buehne.de\/index.php\/bekleidung-gutscheine\/","title":{"rendered":"Bekleidung &#038; Gutscheine"},"content":{"rendered":"<p style=\"text-align: center;\"><span style=\"font-family: arial, helvetica, sans-serif;\"><strong><em>Bestellm\u00f6glichkeit unter +49(0)152 08426999<\/em><\/strong><\/span><\/p>\n<h3><span style=\"font-family: arial, helvetica, sans-serif;\">Gutscheine<\/span><\/h3>\n<p><span style=\"font-family: arial, helvetica, sans-serif;\"><img loading=\"lazy\" decoding=\"async\" class=\"alignleft wp-image-1046 size-medium\" src=\"https:\/\/walberla-buehne.de\/wp-content\/uploads\/2022\/12\/WB-Beitrag-quadratisch-3-300x300.png\" alt=\"\" width=\"300\" height=\"300\" srcset=\"https:\/\/walberla-buehne.de\/wp-content\/uploads\/2022\/12\/WB-Beitrag-quadratisch-3-300x300.png 300w, https:\/\/walberla-buehne.de\/wp-content\/uploads\/2022\/12\/WB-Beitrag-quadratisch-3-150x150.png 150w, https:\/\/walberla-buehne.de\/wp-content\/uploads\/2022\/12\/WB-Beitrag-quadratisch-3-768x768.png 768w, https:\/\/walberla-buehne.de\/wp-content\/uploads\/2022\/12\/WB-Beitrag-quadratisch-3-1024x1024.png 1024w, https:\/\/walberla-buehne.de\/wp-content\/uploads\/2022\/12\/WB-Beitrag-quadratisch-3-90x90.png 90w, https:\/\/walberla-buehne.de\/wp-content\/uploads\/2022\/12\/WB-Beitrag-quadratisch-3-75x75.png 75w, https:\/\/walberla-buehne.de\/wp-content\/uploads\/2022\/12\/WB-Beitrag-quadratisch-3.png 1080w\" sizes=\"auto, (max-width: 300px) 100vw, 300px\" \/> Die Theater-Geschenkgutscheine sind ganzj\u00e4hrig erh\u00e4ltlich!<\/span><\/p>\n<ul>\n<li><span style=\"font-family: arial, helvetica, sans-serif;\">Gutschein f\u00fcr eine Erwachsenenkarte im Wert von 8,- \u20ac <\/span><\/li>\n<li><span style=\"font-family: arial, helvetica, sans-serif;\">Gutschein f\u00fcr eine Kinderkarte im Wert von 5,- \u20ac<\/span><\/li>\n<\/ul>\n<p><span style=\"font-family: arial, helvetica, sans-serif;\">Der Theater-Geschenkgutschein kann in der Vorverkaufsstelle oder an der Abendkasse eingel\u00f6st werden. Zutritt zu den Auff\u00fchrungen nur mit g\u00fcltiger Platzkarte m\u00f6glich.<\/span><\/p>\n<p><span style=\"font-family: arial, helvetica, sans-serif;\">Auff\u00fchrungstermine, Vorverkausstelle und Beginn des Kartenvorverkaufs werden rechtzeitig in der Presse, auf der Homepage www.walberla-buehne.de und auf unseren Social-Media-Kan\u00e4len ver\u00f6ffentlicht.<\/span><\/p>\n<p><span style=\"font-family: arial, helvetica, sans-serif;\">Kein Gutscheinverfall!<\/span><\/p>\n<p><span style=\"font-family: arial, helvetica, sans-serif;\">Keine Barauszahlung m\u00f6glich!<\/span><\/p>\n<h3><span style=\"font-family: arial, helvetica, sans-serif;\">Bekleidung<\/span><\/h3>\n<p><span style=\"font-family: arial, helvetica, sans-serif;\"><img loading=\"lazy\" decoding=\"async\" class=\"size-medium wp-image-519 alignleft\" src=\"https:\/\/walberla-buehne.de\/wp-content\/uploads\/2019\/03\/Collage-Klamotten-300x142.png\" alt=\"Polo Jacke\" width=\"300\" height=\"142\" srcset=\"https:\/\/walberla-buehne.de\/wp-content\/uploads\/2019\/03\/Collage-Klamotten-300x142.png 300w, https:\/\/walberla-buehne.de\/wp-content\/uploads\/2019\/03\/Collage-Klamotten-768x364.png 768w, https:\/\/walberla-buehne.de\/wp-content\/uploads\/2019\/03\/Collage-Klamotten.png 1018w\" sizes=\"auto, (max-width: 300px) 100vw, 300px\" \/>Unsere neuen Poloshirts und Kapuzenjacken sind da!<br \/>\n<\/span><\/p>\n<ul style=\"list-style-type: disc;\">\n<li><span style=\"font-family: arial, helvetica, sans-serif;\"><strong>Poloshirt 10,- \u20ac<\/strong><\/span><\/li>\n<li><span style=\"font-family: arial, helvetica, sans-serif;\"><strong>Kapuzenjacke 15,- \u20ac<\/strong><\/span><\/li>\n<\/ul>\n","protected":false},"excerpt":{"rendered":"<p>Bestellm\u00f6glichkeit unter +49(0)152 08426999 Gutscheine Die Theater-Geschenkgutscheine sind ganzj\u00e4hrig erh\u00e4ltlich! Gutschein f\u00fcr eine Erwachsenenkarte im Wert von 8,- \u20ac Gutschein f\u00fcr eine Kinderkarte im Wert von 5,- \u20ac Der Theater-Geschenkgutschein kann in der Vorverkaufsstelle oder an der Abendkasse eingel\u00f6st werden. Zutritt zu den Auff\u00fchrungen nur mit g\u00fcltiger Platzkarte m\u00f6glich. Auff\u00fchrungstermine, Vorverkausstelle und Beginn des Kartenvorverkaufs werden rechtzeitig in der Presse, [&#8230;]<\/p>\n","protected":false},"author":2,"featured_media":0,"parent":0,"menu_order":0,"comment_status":"closed","ping_status":"closed","template":"","meta":{"footnotes":""},"class_list":["post-311","page","type-page","status-publish","hentry"],"_links":{"self":[{"href":"https:\/\/walberla-buehne.de\/index.php\/wp-json\/wp\/v2\/pages\/311","targetHints":{"allow":["GET"]}}],"collection":[{"href":"https:\/\/walberla-buehne.de\/index.php\/wp-json\/wp\/v2\/pages"}],"about":[{"href":"https:\/\/walberla-buehne.de\/index.php\/wp-json\/wp\/v2\/types\/page"}],"author":[{"embeddable":true,"href":"https:\/\/walberla-buehne.de\/index.php\/wp-json\/wp\/v2\/users\/2"}],"replies":[{"embeddable":true,"href":"https:\/\/walberla-buehne.de\/index.php\/wp-json\/wp\/v2\/comments?post=311"}],"version-history":[{"count":15,"href":"https:\/\/walberla-buehne.de\/index.php\/wp-json\/wp\/v2\/pages\/311\/revisions"}],"predecessor-version":[{"id":1584,"href":"https:\/\/walberla-buehne.de\/index.php\/wp-json\/wp\/v2\/pages\/311\/revisions\/1584"}],"wp:attachment":[{"href":"https:\/\/walberla-buehne.de\/index.php\/wp-json\/wp\/v2\/media?parent=311"}],"curies":[{"name":"wp","href":"https:\/\/api.w.org\/{rel}","templated":true}]}}