{"id":37,"date":"2016-10-26T00:55:39","date_gmt":"2016-10-26T00:55:39","guid":{"rendered":"http:\/\/192.168.1.130\/wordpress\/?page_id=37"},"modified":"2024-01-24T10:19:04","modified_gmt":"2024-01-24T09:19:04","slug":"ueber-uns","status":"publish","type":"page","link":"https:\/\/walberla-buehne.de\/index.php\/ueber-uns\/","title":{"rendered":"\u00dcber uns"},"content":{"rendered":"<p align=\"JUSTIFY\"><span style=\"font-family: arial, helvetica, sans-serif;\"><span style=\"font-size: medium;\">Vor \u00fcber 30 Jahren gegr\u00fcndet, seit April 2003 ein eingetragener Ver\u00adein: Die Walberla-B\u00fchne Kirchehrenbach e. V. ist seit etlichen Jahren ein fester Bestandteil unserer Dorfkultur. Die Leidenschaft und das Engagement unserer rund 180 aktiven und passiven Mitglie\u00adder erm\u00f6glichen es uns, die Tradition einer uralten Kunstform bis heute aufrechtzuerhalten. Das Repertoire unserer Laienschauspiel\u00adgruppe umfasst Lustiges und Dramatisches, manchmal verpackt in einem kleinen Sketch, meistens ausf\u00fchrlich dargestellt im abendf\u00fcl\u00adlenden Dreiakter. Wenn es sich ergibt, bringen wir auch St\u00fccke f\u00fcr Kinder auf die B\u00fchne \u2013 oder stellen die Kleinen gleich selbst auf die Bretter. Nachwuchsf\u00f6rderung spielt f\u00fcr uns, im wahrsten Sinne des Wortes, eine gro\u00dfe Rolle. Denn Theater soll schlie\u00dflich nicht nur un\u00adterhalten, sondern auch die Kreativit\u00e4t und Fantasie f\u00f6rdern.<\/span><\/span><\/p>\n<p align=\"JUSTIFY\"><span style=\"font-family: arial, helvetica, sans-serif;\"><span style=\"font-size: medium;\">Dass wir als Theaterverein den Menschen etwas geben wollen, be\u00adweisen wir auch mit unserer allj\u00e4hrlichen Spende an Hilfsorganisationen und vergleichbare Einrichtungen. <\/span><\/span><\/p>\n<p align=\"JUSTIFY\"><span style=\"font-family: arial, helvetica, sans-serif;\"><span style=\"font-size: medium;\">Au\u00dferdem kommen wir nicht nur vor, auf und hinter der B\u00fchne zu\u00adsammen, sondern teilen das ganze Jahr \u00fcber gesellige Momente miteinander. So planen wir gemeinsame Ausfl\u00fcge, k\u00e4mpfen uns bei Vereinswanderungen durch die heimische Natur und zeigen den an\u00adderen Verb\u00e4nden beim Vereinsschafkopfrennen, dass wir mit Karten ebenso spielen k\u00f6nnen wie mit Worten. <\/span><\/span><\/p>\n<p align=\"JUSTIFY\"><span style=\"font-family: arial, helvetica, sans-serif;\"><span style=\"font-size: small;\"><i><span style=\"font-size: medium;\">Na, Lust bekommen, auch etwas Theaterluft zu schnuppern? Ein\u00adfach die Leute in den roten Shirts ansprechen und mehr erfahren! Wir bei\u00dfen nicht \u2013 au\u00dfer unsere Rolle verlangt es von uns \ud83d\ude09<\/span><\/i><\/span><\/span><\/p>\n<hr \/>\n<h3><span style=\"font-family: arial, helvetica, sans-serif;\"><strong>Du willst Mitglied bei uns werden?<\/strong><\/span><\/h3>\n<p><span style=\"font-family: arial, helvetica, sans-serif;\">Kein Problem! Ob jung, alt, vor oder hinter den Kulissen \u2013 jeder ist bei uns willkommen! Schreib einfach eine E-Mail und wir senden dir das Beitrittsformular zu -&gt; <strong>jasmin.postler(at)freenet.de<br \/>\n<\/strong><\/span><\/p>\n<p>&nbsp;<\/p>\n<p><span style=\"text-decoration: underline;\"><span style=\"font-family: arial, helvetica, sans-serif;\">Aktuelle Jahresbeitr\u00e4ge:<\/span><\/span><\/p>\n<ul style=\"list-style-type: circle;\">\n<li><span style=\"font-family: arial, helvetica, sans-serif;\">Kind: 5,00 \u20ac<\/span><\/li>\n<li><span style=\"font-family: arial, helvetica, sans-serif;\">Erwachsene (ab 18 Jahre): 8,00 \u20ac<\/span><\/li>\n<li><span style=\"font-family: arial, helvetica, sans-serif;\">Ehepaare\/Familien: 10,00 \u20ac<\/span><\/li>\n<\/ul>\n<p>&nbsp;<\/p>\n<h3><span style=\"font-family: arial, helvetica, sans-serif;\"><strong>Du bist bereits Mitglied, aber deine Daten haben sich ge\u00e4ndert?<\/strong><\/span><\/h3>\n<p><span style=\"font-family: arial, helvetica, sans-serif;\">Teile einfach per E-Mail oder WhatsApp mit, wenn du umgezogen bist, geheiratet hast, oder sich deine Bankdaten ge\u00e4ndert haben -&gt; <strong>jasmin.postler(at)freenet.de<\/strong><\/span><\/p>\n<p>&nbsp;<\/p>\n<h3><span style=\"font-family: arial, helvetica, sans-serif;\"><strong>Newsletter-Anmeldung<br \/>\n<\/strong><\/span><\/h3>\n<p><span style=\"font-family: arial, helvetica, sans-serif;\">Egal ob Mitglied oder nicht: Du m\u00f6chtest direkt informiert werden, wenn etwas bei der Walberla-B\u00fchne ansteht? Dann melde dich einfach bei Oliver Hieber f\u00fcr den Newsletter an -&gt; <strong>ohieber(at)hotmail.com<\/strong><\/span><\/p>\n","protected":false},"excerpt":{"rendered":"<p>Vor \u00fcber 30 Jahren gegr\u00fcndet, seit April 2003 ein eingetragener Ver\u00adein: Die Walberla-B\u00fchne Kirchehrenbach e. V. ist seit etlichen Jahren ein fester Bestandteil unserer Dorfkultur. Die Leidenschaft und das Engagement unserer rund 180 aktiven und passiven Mitglie\u00adder erm\u00f6glichen es uns, die Tradition einer uralten Kunstform bis heute aufrechtzuerhalten. Das Repertoire unserer Laienschauspiel\u00adgruppe umfasst Lustiges und Dramatisches, manchmal verpackt in einem [&#8230;]<\/p>\n","protected":false},"author":1,"featured_media":0,"parent":0,"menu_order":0,"comment_status":"closed","ping_status":"closed","template":"","meta":{"footnotes":""},"class_list":["post-37","page","type-page","status-publish","hentry"],"_links":{"self":[{"href":"https:\/\/walberla-buehne.de\/index.php\/wp-json\/wp\/v2\/pages\/37","targetHints":{"allow":["GET"]}}],"collection":[{"href":"https:\/\/walberla-buehne.de\/index.php\/wp-json\/wp\/v2\/pages"}],"about":[{"href":"https:\/\/walberla-buehne.de\/index.php\/wp-json\/wp\/v2\/types\/page"}],"author":[{"embeddable":true,"href":"https:\/\/walberla-buehne.de\/index.php\/wp-json\/wp\/v2\/users\/1"}],"replies":[{"embeddable":true,"href":"https:\/\/walberla-buehne.de\/index.php\/wp-json\/wp\/v2\/comments?post=37"}],"version-history":[{"count":12,"href":"https:\/\/walberla-buehne.de\/index.php\/wp-json\/wp\/v2\/pages\/37\/revisions"}],"predecessor-version":[{"id":1223,"href":"https:\/\/walberla-buehne.de\/index.php\/wp-json\/wp\/v2\/pages\/37\/revisions\/1223"}],"wp:attachment":[{"href":"https:\/\/walberla-buehne.de\/index.php\/wp-json\/wp\/v2\/media?parent=37"}],"curies":[{"name":"wp","href":"https:\/\/api.w.org\/{rel}","templated":true}]}}