{"id":83,"date":"2016-10-28T01:15:45","date_gmt":"2016-10-28T01:15:45","guid":{"rendered":"http:\/\/192.168.1.130\/wordpress\/?page_id=83"},"modified":"2024-09-30T23:46:08","modified_gmt":"2024-09-30T21:46:08","slug":"impressum","status":"publish","type":"page","link":"https:\/\/walberla-buehne.de\/index.php\/impressum\/","title":{"rendered":"Impressum"},"content":{"rendered":"<h3><span style=\"font-family: arial,helvetica,sans-serif;\">Angaben gem\u00e4\u00df \u00a7 5 TMG:<\/span><\/h3>\n<p><span style=\"font-family: arial,helvetica,sans-serif;\">Walberla-B\u00fchne<\/span><br \/>\n<span style=\"font-family: arial,helvetica,sans-serif;\"> Kirchehrenbach e.V.<\/span><br \/>\n<span style=\"font-family: arial,helvetica,sans-serif;\">Lindenanger 9a<\/span><br \/>\n<span style=\"font-family: arial,helvetica,sans-serif;\"> 91356 Kirchehrenbach<\/span><\/p>\n<h4><span style=\"font-family: arial,helvetica,sans-serif;\">Vertreten durch:<\/span><\/h4>\n<p><span style=\"font-family: arial,helvetica,sans-serif;\">Sabrina Meu\u00dfel (1. Vorstand ab 26.09.2024) <span style=\"color: #999999;\">&#8211; vorher Oliver Hieber<\/span><\/span><br \/>\n<span style=\"font-family: arial,helvetica,sans-serif;\"> Svenja B\u00e4cher (2. Vorstand ab 26.09.2024) <span style=\"color: #999999;\">&#8211; vorher Alice Pleyer<\/span><br \/>\n<\/span><\/p>\n<h4><span style=\"font-family: arial,helvetica,sans-serif;\">Kontakt:<\/span><\/h4>\n<p><span style=\"font-family: arial, helvetica, sans-serif;\">Telefon: +49(0)176 34994608 \u00a0\u00a0\u00a0\u00a0\u00a0\u00a0\u00a0\u00a0 E-Mail: s.meussel@web.de<br \/>\n<\/span><\/p>\n<h4><span style=\"font-family: arial,helvetica,sans-serif;\">Registereintrag:<\/span><\/h4>\n<p><span style=\"font-family: arial,helvetica,sans-serif;\"><span class=\"text_exposed_show\">Eintragung im Vereinsregister.<br \/>\nRegistergericht: Amtsgericht Bamberg<br \/>\nRegisternummer: VR10710<br \/>\nUmsatzsteuer-ID:<br \/>\nUmsatzsteuer-Identifikationsnummer gem\u00e4\u00df \u00a727 a Umsatzsteuergesetz:<br \/>\nAufsichtsbeh\u00f6rde: Landratsamt Forchheim<\/span><\/span><\/p>\n<h4><span style=\"font-family: arial,helvetica,sans-serif;\">Verantwortlich f\u00fcr den Inhalt nach \u00a7 55 Abs. 2 RStV:<\/span><\/h4>\n<p><span style=\"font-family: arial,helvetica,sans-serif;\"><span class=\"text_exposed_show\">Sabrina Meu\u00dfel<br \/>\nLindenanger 9a<br \/>\n91356 Kirchehrenbach<\/span><\/span><\/p>\n","protected":false},"excerpt":{"rendered":"<p>Angaben gem\u00e4\u00df \u00a7 5 TMG: Walberla-B\u00fchne Kirchehrenbach e.V. Lindenanger 9a 91356 Kirchehrenbach Vertreten durch: Sabrina Meu\u00dfel (1. Vorstand ab 26.09.2024) &#8211; vorher Oliver Hieber Svenja B\u00e4cher (2. Vorstand ab 26.09.2024) &#8211; vorher Alice Pleyer Kontakt: Telefon: +49(0)176 34994608 \u00a0\u00a0\u00a0\u00a0\u00a0\u00a0\u00a0\u00a0 E-Mail: s.meussel@web.de Registereintrag: Eintragung im Vereinsregister. Registergericht: Amtsgericht Bamberg Registernummer: VR10710 Umsatzsteuer-ID: Umsatzsteuer-Identifikationsnummer gem\u00e4\u00df \u00a727 a Umsatzsteuergesetz: Aufsichtsbeh\u00f6rde: Landratsamt Forchheim Verantwortlich [&#8230;]<\/p>\n","protected":false},"author":1,"featured_media":0,"parent":0,"menu_order":0,"comment_status":"closed","ping_status":"closed","template":"","meta":{"footnotes":""},"class_list":["post-83","page","type-page","status-publish","hentry"],"_links":{"self":[{"href":"https:\/\/walberla-buehne.de\/index.php\/wp-json\/wp\/v2\/pages\/83","targetHints":{"allow":["GET"]}}],"collection":[{"href":"https:\/\/walberla-buehne.de\/index.php\/wp-json\/wp\/v2\/pages"}],"about":[{"href":"https:\/\/walberla-buehne.de\/index.php\/wp-json\/wp\/v2\/types\/page"}],"author":[{"embeddable":true,"href":"https:\/\/walberla-buehne.de\/index.php\/wp-json\/wp\/v2\/users\/1"}],"replies":[{"embeddable":true,"href":"https:\/\/walberla-buehne.de\/index.php\/wp-json\/wp\/v2\/comments?post=83"}],"version-history":[{"count":12,"href":"https:\/\/walberla-buehne.de\/index.php\/wp-json\/wp\/v2\/pages\/83\/revisions"}],"predecessor-version":[{"id":1415,"href":"https:\/\/walberla-buehne.de\/index.php\/wp-json\/wp\/v2\/pages\/83\/revisions\/1415"}],"wp:attachment":[{"href":"https:\/\/walberla-buehne.de\/index.php\/wp-json\/wp\/v2\/media?parent=83"}],"curies":[{"name":"wp","href":"https:\/\/api.w.org\/{rel}","templated":true}]}}